{"id":17,"date":"2022-11-28T09:06:42","date_gmt":"2022-11-28T09:06:42","guid":{"rendered":"https:\/\/imuroestudio.com\/?page_id=17"},"modified":"2022-12-01T11:42:01","modified_gmt":"2022-12-01T11:42:01","slug":"home","status":"publish","type":"page","link":"https:\/\/imuroestudio.com\/","title":{"rendered":"Home"},"content":{"rendered":"\t\t<div data-elementor-type=\"wp-page\" data-elementor-id=\"17\" class=\"elementor elementor-17\">\n\t\t\t\t\t\t\t\t\t<section class=\"elementor-section elementor-top-section elementor-element elementor-element-884d1e8 elementor-section-height-min-height elementor-section-items-stretch elementor-section-content-bottom elementor-section-boxed elementor-section-height-default\" data-id=\"884d1e8\" data-element_type=\"section\" data-settings=\"{&quot;background_background&quot;:&quot;slideshow&quot;,&quot;background_slideshow_gallery&quot;:[{&quot;id&quot;:71,&quot;url&quot;:&quot;https:\\\/\\\/imuroestudio.com\\\/wp-content\\\/uploads\\\/2022\\\/11\\\/PG-MR-ALCALA-6004.jpg&quot;},{&quot;id&quot;:65,&quot;url&quot;:&quot;https:\\\/\\\/imuroestudio.com\\\/wp-content\\\/uploads\\\/2022\\\/11\\\/APARTAMENTO-2-2404.jpg&quot;},{&quot;id&quot;:66,&quot;url&quot;:&quot;https:\\\/\\\/imuroestudio.com\\\/wp-content\\\/uploads\\\/2022\\\/11\\\/COUCHE-STUDIO-5404.jpg&quot;},{&quot;id&quot;:67,&quot;url&quot;:&quot;https:\\\/\\\/imuroestudio.com\\\/wp-content\\\/uploads\\\/2022\\\/11\\\/IMG_650204.jpg&quot;},{&quot;id&quot;:70,&quot;url&quot;:&quot;https:\\\/\\\/imuroestudio.com\\\/wp-content\\\/uploads\\\/2022\\\/11\\\/PG-MR-ALCALA-4204.jpg&quot;},{&quot;id&quot;:69,&quot;url&quot;:&quot;https:\\\/\\\/imuroestudio.com\\\/wp-content\\\/uploads\\\/2022\\\/11\\\/PG-MR-ALCALA-704.jpg&quot;},{&quot;id&quot;:75,&quot;url&quot;:&quot;https:\\\/\\\/imuroestudio.com\\\/wp-content\\\/uploads\\\/2022\\\/11\\\/APARTAMENTO-3-604.jpg&quot;},{&quot;id&quot;:73,&quot;url&quot;:&quot;https:\\\/\\\/imuroestudio.com\\\/wp-content\\\/uploads\\\/2022\\\/11\\\/20210922_12063504.jpg&quot;},{&quot;id&quot;:84,&quot;url&quot;:&quot;https:\\\/\\\/imuroestudio.com\\\/wp-content\\\/uploads\\\/2022\\\/11\\\/PG-MR-ALCALA-4004.jpg&quot;},{&quot;id&quot;:83,&quot;url&quot;:&quot;https:\\\/\\\/imuroestudio.com\\\/wp-content\\\/uploads\\\/2022\\\/11\\\/PG-MR-ALCALA-1404.jpg&quot;},{&quot;id&quot;:79,&quot;url&quot;:&quot;https:\\\/\\\/imuroestudio.com\\\/wp-content\\\/uploads\\\/2022\\\/11\\\/COUCHE-STUDIO-5104.jpg&quot;}],&quot;background_slideshow_ken_burns&quot;:&quot;yes&quot;,&quot;background_slideshow_loop&quot;:&quot;yes&quot;,&quot;background_slideshow_slide_duration&quot;:5000,&quot;background_slideshow_slide_transition&quot;:&quot;fade&quot;,&quot;background_slideshow_transition_duration&quot;:500,&quot;background_slideshow_ken_burns_zoom_direction&quot;:&quot;in&quot;}\">\n\t\t\t\t\t\t\t<div class=\"elementor-background-overlay\"><\/div>\n\t\t\t\t\t\t\t<div class=\"elementor-container elementor-column-gap-default\">\n\t\t\t\t\t<div class=\"elementor-column elementor-col-100 elementor-top-column elementor-element elementor-element-2eaaa96\" data-id=\"2eaaa96\" data-element_type=\"column\">\n\t\t\t<div class=\"elementor-widget-wrap elementor-element-populated\">\n\t\t\t\t\t\t\t\t<div class=\"elementor-element elementor-element-7e5cbae elementor-mobile-align-right elementor-align-center elementor-widget elementor-widget-lottie\" data-id=\"7e5cbae\" data-element_type=\"widget\" data-settings=\"{&quot;source&quot;:&quot;external_url&quot;,&quot;source_external_url&quot;:{&quot;url&quot;:&quot;https:\\\/\\\/assets2.lottiefiles.com\\\/packages\\\/lf20_q4vifabc.json&quot;,&quot;is_external&quot;:&quot;&quot;,&quot;nofollow&quot;:&quot;&quot;,&quot;custom_attributes&quot;:&quot;&quot;},&quot;loop&quot;:&quot;yes&quot;,&quot;link_to&quot;:&quot;custom&quot;,&quot;custom_link&quot;:{&quot;url&quot;:&quot;#gallery&quot;,&quot;is_external&quot;:&quot;&quot;,&quot;nofollow&quot;:&quot;&quot;,&quot;custom_attributes&quot;:&quot;&quot;},&quot;trigger&quot;:&quot;arriving_to_viewport&quot;,&quot;viewport&quot;:{&quot;unit&quot;:&quot;%&quot;,&quot;size&quot;:&quot;&quot;,&quot;sizes&quot;:{&quot;start&quot;:0,&quot;end&quot;:100}},&quot;play_speed&quot;:{&quot;unit&quot;:&quot;px&quot;,&quot;size&quot;:1,&quot;sizes&quot;:[]},&quot;start_point&quot;:{&quot;unit&quot;:&quot;%&quot;,&quot;size&quot;:&quot;0&quot;,&quot;sizes&quot;:[]},&quot;end_point&quot;:{&quot;unit&quot;:&quot;%&quot;,&quot;size&quot;:&quot;100&quot;,&quot;sizes&quot;:[]},&quot;renderer&quot;:&quot;svg&quot;}\" data-widget_type=\"lottie.default\">\n\t\t\t\t<div class=\"elementor-widget-container\">\n\t\t\t<style>\/*! elementor-pro - v3.8.1 - 07-11-2022 *\/\n.e-lottie__container{display:inline-block;max-width:var(--lottie-container-max-width);width:var(--lottie-container-width);opacity:var(--lottie-container-opacity)}.e-lottie__container:hover{opacity:var(--lottie-container-opacity-hover);-webkit-transition-duration:var(--lottie-container-transition-duration-hover);-o-transition-duration:var(--lottie-container-transition-duration-hover);transition-duration:var(--lottie-container-transition-duration-hover)}.e-lottie__container svg,.e-lottie__container svg *{-webkit-transition:none!important;-o-transition:none!important;transition:none!important}.e-lottie__caption{color:var(--caption-color);margin-top:var(--caption-margin-top);text-align:var(--caption-text-align)}<\/style><a class=\"e-lottie__container__link\" href=\"#gallery\"><div class=\"e-lottie__container\"><div class=\"e-lottie__animation\"><\/div><\/div><\/a>\t\t<\/div>\n\t\t\t\t<\/div>\n\t\t\t\t\t<\/div>\n\t\t<\/div>\n\t\t\t\t\t\t\t<\/div>\n\t\t<\/section>\n\t\t\t\t<section class=\"elementor-section elementor-top-section elementor-element elementor-element-fbd832d elementor-section-boxed elementor-section-height-default elementor-section-height-default\" data-id=\"fbd832d\" data-element_type=\"section\" data-settings=\"{&quot;background_background&quot;:&quot;classic&quot;}\">\n\t\t\t\t\t\t<div class=\"elementor-container elementor-column-gap-default\">\n\t\t\t\t\t<div class=\"elementor-column elementor-col-100 elementor-top-column elementor-element elementor-element-b5962fc\" data-id=\"b5962fc\" data-element_type=\"column\">\n\t\t\t<div class=\"elementor-widget-wrap elementor-element-populated\">\n\t\t\t\t\t\t\t\t<div class=\"elementor-element elementor-element-140b79f elementor-widget elementor-widget-menu-anchor\" data-id=\"140b79f\" data-element_type=\"widget\" data-widget_type=\"menu-anchor.default\">\n\t\t\t\t<div class=\"elementor-widget-container\">\n\t\t\t<style>\/*! elementor - v3.8.1 - 13-11-2022 *\/\nbody.elementor-page .elementor-widget-menu-anchor{margin-bottom:0}<\/style>\t\t<div id=\"estudio\" class=\"elementor-menu-anchor\"><\/div>\n\t\t\t\t<\/div>\n\t\t\t\t<\/div>\n\t\t\t\t<div class=\"elementor-element elementor-element-e5a079b elementor-widget elementor-widget-text-editor\" data-id=\"e5a079b\" data-element_type=\"widget\" data-widget_type=\"text-editor.default\">\n\t\t\t\t<div class=\"elementor-widget-container\">\n\t\t\t<style>\/*! elementor - v3.8.1 - 13-11-2022 *\/\n.elementor-widget-text-editor.elementor-drop-cap-view-stacked .elementor-drop-cap{background-color:#818a91;color:#fff}.elementor-widget-text-editor.elementor-drop-cap-view-framed .elementor-drop-cap{color:#818a91;border:3px solid;background-color:transparent}.elementor-widget-text-editor:not(.elementor-drop-cap-view-default) .elementor-drop-cap{margin-top:8px}.elementor-widget-text-editor:not(.elementor-drop-cap-view-default) .elementor-drop-cap-letter{width:1em;height:1em}.elementor-widget-text-editor .elementor-drop-cap{float:left;text-align:center;line-height:1;font-size:50px}.elementor-widget-text-editor .elementor-drop-cap-letter{display:inline-block}<\/style>\t\t\t\t<p>Desde el IMURO ESTUDIO se pretende aplicar la experiencia personal de un entorno fuertemente arraigado a la vida rural a un hilo de continuo desarrollo en los \u00e1mbitos del dise\u00f1o, el interiorismo y la arquitectura. Lo artesanal, lo recuperado y las construcciones tradicionales se funden con las nuevas t\u00e9cnicas y materiales m\u00e1s punteros y sostenibles.<\/p><p><br \/>La habitabilidad y el comfort de los espacios es para nosotros un objetivo permanente, siendo las necesidades particulares estudiadas en cada caso para maximizar la satisfacci\u00f3n final del cliente.<br \/>Para ello creemos firmemente en la colaboraci\u00f3n con especialistas en cada \u00e1mbito convirtiendo la pr\u00e1ctica de la construcci\u00f3n en un oficio multidisciplinar con paisajistas, urbanistas, ingenieros, especialistas en iluminaci\u00f3n, et al. Ello lleva a un resultado global completo de gran calidad y m\u00e1ximo detalle.<\/p>\t\t\t\t\t\t<\/div>\n\t\t\t\t<\/div>\n\t\t\t\t<div class=\"elementor-element elementor-element-290ec9a elementor-widget elementor-widget-menu-anchor\" data-id=\"290ec9a\" data-element_type=\"widget\" data-widget_type=\"menu-anchor.default\">\n\t\t\t\t<div class=\"elementor-widget-container\">\n\t\t\t\t\t<div id=\"estudio-movil\" class=\"elementor-menu-anchor\"><\/div>\n\t\t\t\t<\/div>\n\t\t\t\t<\/div>\n\t\t\t\t\t<\/div>\n\t\t<\/div>\n\t\t\t\t\t\t\t<\/div>\n\t\t<\/section>\n\t\t\t\t<section class=\"elementor-section elementor-top-section elementor-element elementor-element-526a965 elementor-section-height-full elementor-section-items-stretch elementor-section-full_width elementor-section-height-default\" data-id=\"526a965\" data-element_type=\"section\">\n\t\t\t\t\t\t<div class=\"elementor-container elementor-column-gap-default\">\n\t\t\t\t\t<div class=\"elementor-column elementor-col-33 elementor-top-column elementor-element elementor-element-7f99cdf\" data-id=\"7f99cdf\" data-element_type=\"column\">\n\t\t\t<div class=\"elementor-widget-wrap elementor-element-populated\">\n\t\t\t\t\t\t\t\t<div class=\"elementor-element elementor-element-cb64b1c elementor-widget elementor-widget-text-editor\" data-id=\"cb64b1c\" data-element_type=\"widget\" data-widget_type=\"text-editor.default\">\n\t\t\t\t<div class=\"elementor-widget-container\">\n\t\t\t\t\t\t\t<p>Arquitecta<\/p>\t\t\t\t\t\t<\/div>\n\t\t\t\t<\/div>\n\t\t\t\t<div class=\"elementor-element elementor-element-5e3365d elementor-widget elementor-widget-heading\" data-id=\"5e3365d\" data-element_type=\"widget\" data-widget_type=\"heading.default\">\n\t\t\t\t<div class=\"elementor-widget-container\">\n\t\t\t<style>\/*! elementor - v3.8.1 - 13-11-2022 *\/\n.elementor-heading-title{padding:0;margin:0;line-height:1}.elementor-widget-heading .elementor-heading-title[class*=elementor-size-]>a{color:inherit;font-size:inherit;line-height:inherit}.elementor-widget-heading .elementor-heading-title.elementor-size-small{font-size:15px}.elementor-widget-heading .elementor-heading-title.elementor-size-medium{font-size:19px}.elementor-widget-heading .elementor-heading-title.elementor-size-large{font-size:29px}.elementor-widget-heading .elementor-heading-title.elementor-size-xl{font-size:39px}.elementor-widget-heading .elementor-heading-title.elementor-size-xxl{font-size:59px}<\/style><h1 class=\"elementor-heading-title elementor-size-default\">Isabel Mu\u00f1oz-Rojas<\/h1>\t\t<\/div>\n\t\t\t\t<\/div>\n\t\t\t\t\t<\/div>\n\t\t<\/div>\n\t\t\t\t<div class=\"elementor-column elementor-col-33 elementor-top-column elementor-element elementor-element-901ea40\" data-id=\"901ea40\" data-element_type=\"column\" data-settings=\"{&quot;background_background&quot;:&quot;classic&quot;}\">\n\t\t\t<div class=\"elementor-widget-wrap elementor-element-populated\">\n\t\t\t\t\t\t\t\t<div class=\"elementor-element elementor-element-c18cb01 elementor-widget elementor-widget-spacer\" data-id=\"c18cb01\" data-element_type=\"widget\" data-widget_type=\"spacer.default\">\n\t\t\t\t<div class=\"elementor-widget-container\">\n\t\t\t<style>\/*! elementor - v3.8.1 - 13-11-2022 *\/\n.elementor-column .elementor-spacer-inner{height:var(--spacer-size)}.e-con{--container-widget-width:100%}.e-con-inner>.elementor-widget-spacer,.e-con>.elementor-widget-spacer{width:var(--container-widget-width,var(--spacer-size));-ms-flex-item-align:stretch;align-self:stretch;-ms-flex-negative:0;flex-shrink:0}.e-con-inner>.elementor-widget-spacer>.elementor-widget-container,.e-con-inner>.elementor-widget-spacer>.elementor-widget-container>.elementor-spacer,.e-con>.elementor-widget-spacer>.elementor-widget-container,.e-con>.elementor-widget-spacer>.elementor-widget-container>.elementor-spacer{height:100%}.e-con-inner>.elementor-widget-spacer>.elementor-widget-container>.elementor-spacer>.elementor-spacer-inner,.e-con>.elementor-widget-spacer>.elementor-widget-container>.elementor-spacer>.elementor-spacer-inner{height:var(--container-widget-height,var(--spacer-size))}<\/style>\t\t<div class=\"elementor-spacer\">\n\t\t\t<div class=\"elementor-spacer-inner\"><\/div>\n\t\t<\/div>\n\t\t\t\t<\/div>\n\t\t\t\t<\/div>\n\t\t\t\t\t<\/div>\n\t\t<\/div>\n\t\t\t\t<div class=\"elementor-column elementor-col-33 elementor-top-column elementor-element elementor-element-9dedbd9\" data-id=\"9dedbd9\" data-element_type=\"column\">\n\t\t\t<div class=\"elementor-widget-wrap elementor-element-populated\">\n\t\t\t\t\t\t\t\t<div class=\"elementor-element elementor-element-845127b elementor-widget elementor-widget-text-editor\" data-id=\"845127b\" data-element_type=\"widget\" data-widget_type=\"text-editor.default\">\n\t\t\t\t<div class=\"elementor-widget-container\">\n\t\t\t\t\t\t\t<p style=\"text-align: left;\">Arquitecta titulada en 2011 en la Escuela T\u00e9cnica Superior de Arquitectura de Madrid (ETSAM), habiendo cursado estudios en la Technische Universit\u00e4t Innsbr\u00fcck. Ha trabajado en Garc\u00eda Germ\u00e1n Arquitectos, Cruz y Ortiz Arquitectos, PGA Arquitectos, con quien tras varios a\u00f1os de colaboraci\u00f3n uni\u00f3 fuerzas y fund\u00f3 PGMR Estudio en Sevilla, con quien seguimos fuertemente ligados, y con BSV en Madrid.<\/p><p style=\"text-align: left;\">Colabora frecuentemente con estudios de paisajismo como Landagarden, Roc\u00edo Sainz de Rozas y La Bella Sombra Paisajismo.<\/p><p style=\"text-align: left;\">Adem\u00e1s de un sinf\u00edn de profesionales de distintos \u00e1mbitos que aportan su knowhow convirtiendo la experiencia completa en un intercambio de ideas y conocimientos.<\/p>\t\t\t\t\t\t<\/div>\n\t\t\t\t<\/div>\n\t\t\t\t\t<\/div>\n\t\t<\/div>\n\t\t\t\t\t\t\t<\/div>\n\t\t<\/section>\n\t\t\t\t\t\t\t<\/div>\n\t\t","protected":false},"excerpt":{"rendered":"<p>Desde el IMURO ESTUDIO se pretende aplicar la experiencia personal de un entorno fuertemente arraigado a la vida rural a un hilo de continuo desarrollo en los \u00e1mbitos del dise\u00f1o, el interiorismo y la arquitectura. Lo artesanal, lo recuperado y las construcciones tradicionales se funden con las nuevas t\u00e9cnicas y materiales m\u00e1s punteros y sostenibles. [&hellip;]<\/p>\n","protected":false},"author":2,"featured_media":0,"parent":0,"menu_order":0,"comment_status":"closed","ping_status":"closed","template":"","meta":[],"yoast_head":"<!-- This site is optimized with the Yoast SEO plugin v19.10 - https:\/\/yoast.com\/wordpress\/plugins\/seo\/ -->\n<title>Home - Imuro<\/title>\n<meta name=\"robots\" content=\"index, follow, max-snippet:-1, max-image-preview:large, max-video-preview:-1\" \/>\n<link rel=\"canonical\" href=\"https:\/\/imuroestudio.com\/\" \/>\n<meta property=\"og:locale\" content=\"en_US\" \/>\n<meta property=\"og:type\" content=\"article\" \/>\n<meta property=\"og:title\" content=\"Home - Imuro\" \/>\n<meta property=\"og:description\" content=\"Desde el IMURO ESTUDIO se pretende aplicar la experiencia personal de un entorno fuertemente arraigado a la vida rural a un hilo de continuo desarrollo en los \u00e1mbitos del dise\u00f1o, el interiorismo y la arquitectura. Lo artesanal, lo recuperado y las construcciones tradicionales se funden con las nuevas t\u00e9cnicas y materiales m\u00e1s punteros y sostenibles. [&hellip;]\" \/>\n<meta property=\"og:url\" content=\"https:\/\/imuroestudio.com\/\" \/>\n<meta property=\"og:site_name\" content=\"Imuro\" \/>\n<meta property=\"article:modified_time\" content=\"2022-12-01T11:42:01+00:00\" \/>\n<meta name=\"twitter:card\" content=\"summary_large_image\" \/>\n<meta name=\"twitter:label1\" content=\"Est. reading time\" \/>\n\t<meta name=\"twitter:data1\" content=\"2 minutes\" \/>\n<script type=\"application\/ld+json\" class=\"yoast-schema-graph\">{\"@context\":\"https:\/\/schema.org\",\"@graph\":[{\"@type\":\"WebPage\",\"@id\":\"https:\/\/imuroestudio.com\/\",\"url\":\"https:\/\/imuroestudio.com\/\",\"name\":\"Home - Imuro\",\"isPartOf\":{\"@id\":\"https:\/\/imuroestudio.com\/#website\"},\"datePublished\":\"2022-11-28T09:06:42+00:00\",\"dateModified\":\"2022-12-01T11:42:01+00:00\",\"breadcrumb\":{\"@id\":\"https:\/\/imuroestudio.com\/#breadcrumb\"},\"inLanguage\":\"en-US\",\"potentialAction\":[{\"@type\":\"ReadAction\",\"target\":[\"https:\/\/imuroestudio.com\/\"]}]},{\"@type\":\"BreadcrumbList\",\"@id\":\"https:\/\/imuroestudio.com\/#breadcrumb\",\"itemListElement\":[{\"@type\":\"ListItem\",\"position\":1,\"name\":\"Home\",\"item\":\"https:\/\/imuroestudio.com\/\"},{\"@type\":\"ListItem\",\"position\":2,\"name\":\"Home\"}]},{\"@type\":\"WebSite\",\"@id\":\"https:\/\/imuroestudio.com\/#website\",\"url\":\"https:\/\/imuroestudio.com\/\",\"name\":\"Imuro\",\"description\":\"estudio\",\"publisher\":{\"@id\":\"https:\/\/imuroestudio.com\/#organization\"},\"potentialAction\":[{\"@type\":\"SearchAction\",\"target\":{\"@type\":\"EntryPoint\",\"urlTemplate\":\"https:\/\/imuroestudio.com\/?s={search_term_string}\"},\"query-input\":\"required name=search_term_string\"}],\"inLanguage\":\"en-US\"},{\"@type\":\"Organization\",\"@id\":\"https:\/\/imuroestudio.com\/#organization\",\"name\":\"Imuro\",\"url\":\"https:\/\/imuroestudio.com\/\",\"logo\":{\"@type\":\"ImageObject\",\"inLanguage\":\"en-US\",\"@id\":\"https:\/\/imuroestudio.com\/#\/schema\/logo\/image\/\",\"url\":\"https:\/\/imuroestudio.com\/wp-content\/uploads\/2022\/11\/Logotipo-horizontal_Marron-rojizo.png\",\"contentUrl\":\"https:\/\/imuroestudio.com\/wp-content\/uploads\/2022\/11\/Logotipo-horizontal_Marron-rojizo.png\",\"width\":1242,\"height\":441,\"caption\":\"Imuro\"},\"image\":{\"@id\":\"https:\/\/imuroestudio.com\/#\/schema\/logo\/image\/\"}}]}<\/script>\n<!-- \/ Yoast SEO plugin. -->","yoast_head_json":{"title":"Home - Imuro","robots":{"index":"index","follow":"follow","max-snippet":"max-snippet:-1","max-image-preview":"max-image-preview:large","max-video-preview":"max-video-preview:-1"},"canonical":"https:\/\/imuroestudio.com\/","og_locale":"en_US","og_type":"article","og_title":"Home - Imuro","og_description":"Desde el IMURO ESTUDIO se pretende aplicar la experiencia personal de un entorno fuertemente arraigado a la vida rural a un hilo de continuo desarrollo en los \u00e1mbitos del dise\u00f1o, el interiorismo y la arquitectura. Lo artesanal, lo recuperado y las construcciones tradicionales se funden con las nuevas t\u00e9cnicas y materiales m\u00e1s punteros y sostenibles. [&hellip;]","og_url":"https:\/\/imuroestudio.com\/","og_site_name":"Imuro","article_modified_time":"2022-12-01T11:42:01+00:00","twitter_card":"summary_large_image","twitter_misc":{"Est. reading time":"2 minutes"},"schema":{"@context":"https:\/\/schema.org","@graph":[{"@type":"WebPage","@id":"https:\/\/imuroestudio.com\/","url":"https:\/\/imuroestudio.com\/","name":"Home - Imuro","isPartOf":{"@id":"https:\/\/imuroestudio.com\/#website"},"datePublished":"2022-11-28T09:06:42+00:00","dateModified":"2022-12-01T11:42:01+00:00","breadcrumb":{"@id":"https:\/\/imuroestudio.com\/#breadcrumb"},"inLanguage":"en-US","potentialAction":[{"@type":"ReadAction","target":["https:\/\/imuroestudio.com\/"]}]},{"@type":"BreadcrumbList","@id":"https:\/\/imuroestudio.com\/#breadcrumb","itemListElement":[{"@type":"ListItem","position":1,"name":"Home","item":"https:\/\/imuroestudio.com\/"},{"@type":"ListItem","position":2,"name":"Home"}]},{"@type":"WebSite","@id":"https:\/\/imuroestudio.com\/#website","url":"https:\/\/imuroestudio.com\/","name":"Imuro","description":"estudio","publisher":{"@id":"https:\/\/imuroestudio.com\/#organization"},"potentialAction":[{"@type":"SearchAction","target":{"@type":"EntryPoint","urlTemplate":"https:\/\/imuroestudio.com\/?s={search_term_string}"},"query-input":"required name=search_term_string"}],"inLanguage":"en-US"},{"@type":"Organization","@id":"https:\/\/imuroestudio.com\/#organization","name":"Imuro","url":"https:\/\/imuroestudio.com\/","logo":{"@type":"ImageObject","inLanguage":"en-US","@id":"https:\/\/imuroestudio.com\/#\/schema\/logo\/image\/","url":"https:\/\/imuroestudio.com\/wp-content\/uploads\/2022\/11\/Logotipo-horizontal_Marron-rojizo.png","contentUrl":"https:\/\/imuroestudio.com\/wp-content\/uploads\/2022\/11\/Logotipo-horizontal_Marron-rojizo.png","width":1242,"height":441,"caption":"Imuro"},"image":{"@id":"https:\/\/imuroestudio.com\/#\/schema\/logo\/image\/"}}]}},"_links":{"self":[{"href":"https:\/\/imuroestudio.com\/index.php?rest_route=\/wp\/v2\/pages\/17"}],"collection":[{"href":"https:\/\/imuroestudio.com\/index.php?rest_route=\/wp\/v2\/pages"}],"about":[{"href":"https:\/\/imuroestudio.com\/index.php?rest_route=\/wp\/v2\/types\/page"}],"author":[{"embeddable":true,"href":"https:\/\/imuroestudio.com\/index.php?rest_route=\/wp\/v2\/users\/2"}],"replies":[{"embeddable":true,"href":"https:\/\/imuroestudio.com\/index.php?rest_route=%2Fwp%2Fv2%2Fcomments&post=17"}],"version-history":[{"count":140,"href":"https:\/\/imuroestudio.com\/index.php?rest_route=\/wp\/v2\/pages\/17\/revisions"}],"predecessor-version":[{"id":371,"href":"https:\/\/imuroestudio.com\/index.php?rest_route=\/wp\/v2\/pages\/17\/revisions\/371"}],"wp:attachment":[{"href":"https:\/\/imuroestudio.com\/index.php?rest_route=%2Fwp%2Fv2%2Fmedia&parent=17"}],"curies":[{"name":"wp","href":"https:\/\/api.w.org\/{rel}","templated":true}]}}